{"id":1024,"date":"2015-12-14T07:14:55","date_gmt":"2015-12-14T07:14:55","guid":{"rendered":"http:\/\/consulting.stylemixthemes.com\/demo\/?page_id=2"},"modified":"2023-09-10T01:56:51","modified_gmt":"2023-09-09T23:56:51","slug":"sample-page-2","status":"publish","type":"page","link":"https:\/\/dndconsulting.dz\/","title":{"rendered":"home"},"content":{"rendered":"<p>[vc_row css=&#8221;.vc_custom_1450677977665{margin-bottom: 0px !important;}&#8221;][vc_column offset=&#8221;vc_hidden-xs&#8221;][rev_slider_vc alias=&#8221;fullscreen-main-slider&#8221;][\/vc_column][\/vc_row][vc_row full_width=&#8221;stretch_row&#8221; el_class=&#8221;third_bg_color&#8221; css=&#8221;.vc_custom_1694192614665{margin-top: 0px !important;margin-bottom: 40px !important;}&#8221;][vc_column css=&#8221;.vc_custom_1644177205646{padding-right: px !important;padding-left: 68px !important;}&#8221;][vc_cta h2=&#8221;Notre D\u00e9veloppement de Logiciels Services&#8221; h2_font_container=&#8221;tag:h2|font_size:20px|text_align:left|color:%23000000|line_height:24px&#8221; h2_use_theme_fonts=&#8221;yes&#8221; shape=&#8221;square&#8221; style=&#8221;flat&#8221; add_button=&#8221;right&#8221; btn_title=&#8221;Demander Devis&#8221; btn_style=&#8221;flat&#8221; btn_color=&#8221;theme_style_2&#8243; btn_align=&#8221;right&#8221; btn_i_align=&#8221;right&#8221; btn_i_icon_fontawesome=&#8221;stm-location&#8221; use_custom_fonts_h2=&#8221;true&#8221; btn_button_block=&#8221;true&#8221; btn_add_icon=&#8221;true&#8221; el_class=&#8221;third_bg_color&#8221; css=&#8221;.vc_custom_1694294378028{margin-bottom: 0px !important;}&#8221; btn_link=&#8221;url:https%3A%2F%2Fdndconsulting.dz%2F%3Fpage_id%3D6933|title:Contact%20us|target:_blank&#8221;][\/vc_cta][\/vc_column][\/vc_row][vc_row equal_height=&#8221;yes&#8221; content_placement=&#8221;middle&#8221; css=&#8221;.vc_custom_1694192585659{margin-top: 30px !important;margin-right: 385px !important;margin-bottom: 40px !important;margin-left: 385px !important;}&#8221;][vc_column parallax=&#8221;content-moving&#8221; parallax_image=&#8221;7167&#8243; width=&#8221;1\/3&#8243;][stm_animation_block animation=&#8221;fadeInUp&#8221; animation_duration=&#8221;1&#8243; animation_delay=&#8221;0&#8243;][stm_info_box style=&#8221;style_3&#8243; title_icon=&#8221;stm-chart-monitor&#8221; title=&#8221;Why our consulting&#8221; image=&#8221;7169&#8243; link=&#8221;url:%23|title:read%20more|&#8221;]Nous sommes une entreprise sp\u00e9cialis\u00e9e dans l&#8217;int\u00e9gration d&#8217;Odoo, et nous d\u00e9ployons cette solution pour des entreprises de toutes envergures. En tant que Partenaire Odoo , nous offrons une gamme compl\u00e8te de services, notamment le d\u00e9ploiement, l&#8217;int\u00e9gration, le d\u00e9veloppement, la maintenance et l&#8217;h\u00e9bergement d&#8217;Odoo. \u00c0 ce jour, nous avons accompagn\u00e9 plusieurs entreprises.<\/p>\n<p>Nos consultants sont pr\u00eats \u00e0 intervenir sur site, o\u00f9 que vous soyez dans le monde[\/stm_info_box][\/stm_animation_block][\/vc_column][vc_column width=&#8221;1\/3&#8243;][stm_animation_block animation=&#8221;fadeInUp&#8221; animation_duration=&#8221;1&#8243; animation_delay=&#8221;0.05&#8243;][stm_info_box style=&#8221;style_3&#8243; title_icon=&#8221;stm-chart-refresh&#8221; title=&#8221;Nous sommes exp\u00e9riment\u00e9s&#8221; image=&#8221;7464&#8243; link=&#8221;url:%23|title:read%20more|&#8221;]Nous r\u00e9alisons l&#8217;impl\u00e9mentation d&#8217;Odoo, l&#8217;int\u00e9gration d&#8217;Odoo, la personnalisation d&#8217;Odoo, la formation Odoo et le support Odoo[\/stm_info_box][\/stm_animation_block][\/vc_column][vc_column width=&#8221;1\/3&#8243;][stm_animation_block animation=&#8221;fadeInUp&#8221; animation_duration=&#8221;1&#8243; animation_delay=&#8221;0.1&#8243;][stm_info_box style=&#8221;style_3&#8243; title_icon=&#8221;stm-earth&#8221; title=&#8221;Performance&#8221; image=&#8221;7463&#8243; link=&#8221;url:%23|title:read%20more|&#8221;]L&#8217;excellence en mati\u00e8re de performance est une valeur fondamentale de notre approche strat\u00e9gique. Nous \u00e9valuons et favorisons les r\u00e9sultats individuels tout en nous engageant \u00e0 maintenir un haut niveau de valeur ajout\u00e9e pour nos clients.[\/stm_info_box][\/stm_animation_block][\/vc_column][\/vc_row][vc_row full_width=&#8221;stretch_row&#8221; css=&#8221;.vc_custom_1451476985704{padding-top: 53px !important;padding-bottom: 70px !important;background-color: #f2f2f2 !important;}&#8221;][vc_column css=&#8221;.vc_custom_1644178415546{padding-right: 100px !important;padding-left: 100px !important;}&#8221;][vc_custom_heading text=&#8221;industries&#8221; font_container=&#8221;tag:h2|font_size:45px|text_align:center|line_height:60px&#8221; use_theme_fonts=&#8221;yes&#8221; el_class=&#8221;base_font_color&#8221; css=&#8221;.vc_custom_1455871682892{margin-bottom: 28px !important;}&#8221;][vc_row_inner css=&#8221;.vc_custom_1455871593995{margin-bottom: 30px !important;}&#8221;][vc_column_inner width=&#8221;1\/3&#8243;][stm_icon_box hide_title_line=&#8221;hide_title_line&#8221; enable_hexagon=&#8221;enable&#8221; enable_hexagon_animation=&#8221;enable&#8221; icon=&#8221;stm-glob-pie-chart&#8221; style=&#8221;icon_left&#8221; icon_size=&#8221;15&#8243; icon_width=&#8221;78&#8243; title=&#8221;ERP Odoo Open Source&#8221;]Parmi les logiciels ERP open source disponibles, Odoo se distingue comme l&#8217;un des meilleurs. Il offre un ensemble remarquable d&#8217;avantages que les autres solutions peinent \u00e0 \u00e9galer.[\/stm_icon_box][\/vc_column_inner][vc_column_inner width=&#8221;1\/3&#8243;][stm_icon_box hide_title_line=&#8221;hide_title_line&#8221; enable_hexagon=&#8221;enable&#8221; enable_hexagon_animation=&#8221;enable&#8221; icon=&#8221;stm-graph&#8221; style=&#8221;icon_left&#8221; icon_size=&#8221;22&#8243; icon_width=&#8221;78&#8243; title=&#8221;ERP Business Central<br \/>\nConsulting&#8221;]Utilisez nos services de consultation Microsoft Dynamics 365 Business Central pour acc\u00e9l\u00e9rer la croissance de votre entreprise. Nos consultants en Business Central vous aident \u00e0 mettre en place un syst\u00e8me ERP solide qui rationalise vos processus de travail quotidiens et s&#8217;adapte \u00e0 la croissance de votre entreprise.[\/stm_icon_box][\/vc_column_inner][vc_column_inner width=&#8221;1\/3&#8243;][stm_icon_box hide_title_line=&#8221;hide_title_line&#8221; enable_hexagon=&#8221;enable&#8221; enable_hexagon_animation=&#8221;enable&#8221; icon=&#8221;stm-cart&#8221; style=&#8221;icon_left&#8221; icon_size=&#8221;22&#8243; icon_width=&#8221;78&#8243; title=&#8221;Consumer Products<br \/>\nConsulting&#8221;]Design repeatable growth models and innovation pipelines that generate new products with higher potential and lower risks of failure.[\/stm_icon_box][\/vc_column_inner][\/vc_row_inner][vc_row_inner][vc_column_inner width=&#8221;1\/3&#8243;][stm_icon_box hide_title_line=&#8221;hide_title_line&#8221; enable_hexagon=&#8221;enable&#8221; enable_hexagon_animation=&#8221;enable&#8221; icon=&#8221;stm-home&#8221; style=&#8221;icon_left&#8221; icon_size=&#8221;24&#8243; icon_width=&#8221;78&#8243; title=&#8221;Financial Services<br \/>\nConsulting&#8221;]We work buy-side and sell-side and give our clients hard-hitting and objective answers and focus hard on the best opportunities.[\/stm_icon_box][\/vc_column_inner][vc_column_inner width=&#8221;1\/3&#8243;][stm_icon_box hide_title_line=&#8221;hide_title_line&#8221; enable_hexagon=&#8221;enable&#8221; enable_hexagon_animation=&#8221;enable&#8221; icon=&#8221;stm-lamp&#8221; style=&#8221;icon_left&#8221; icon_size=&#8221;28&#8243; icon_width=&#8221;78&#8243; title=&#8221;Energy and Environment<br \/>\nConsulting&#8221;]We work across all the major geographies, meaning we understand the underlying drivers in construction markets.[\/stm_icon_box][\/vc_column_inner][vc_column_inner width=&#8221;1\/3&#8243;][stm_icon_box hide_title_line=&#8221;hide_title_line&#8221; enable_hexagon=&#8221;enable&#8221; enable_hexagon_animation=&#8221;enable&#8221; icon=&#8221;stm-truck&#8221; style=&#8221;icon_left&#8221; icon_size=&#8221;20&#8243; icon_width=&#8221;78&#8243; title=&#8221;Surface Transport &amp;<br \/>\nLogistics Consulting&#8221;]Scheduled transport operations, from broad market trends and strategy to the development of integrated commercial strategies.[\/stm_icon_box][\/vc_column_inner][\/vc_row_inner][\/vc_column][\/vc_row][vc_row full_width=&#8221;stretch_row&#8221; el_class=&#8221;overlay fixed_bg&#8221; css=&#8221;.vc_custom_1456226391066{margin-bottom: 53px !important;padding-top: 110px !important;padding-bottom: 81px !important;background-image: url(https:\/\/dndconsulting.dz\/wp-content\/uploads\/2016\/06\/placeholder.gif?id=33) !important;background-position: center !important;background-repeat: no-repeat !important;background-size: cover !important;}&#8221;][vc_column css=&#8221;.vc_custom_1644179492816{padding-left: 80px !important;}&#8221;][vc_row_inner][vc_column_inner css=&#8221;.vc_custom_1644177328419{padding-left: 130px !important;}&#8221;][vc_custom_heading icon=&#8221;stm-check&#8221; icon_size=&#8221;67&#8243; text=&#8221;<mark>Doing the right thing,<\/mark><br \/>\nat the right time.&#8221; font_container=&#8221;tag:h4|font_size:45px|text_align:center|color:%23ffffff|line_height:45px&#8221; google_fonts=&#8221;font_family:Poppins%3A300%2Cregular%2C500%2C600%2C700|font_style:700%20bold%3A700%3Anormal&#8221; custom_icon=&#8221;stm-check&#8221; css=&#8221;.vc_custom_1644179223921{margin-bottom: 61px !important;}&#8221; el_class=&#8221;no_stripe&#8221;][\/vc_column_inner][\/vc_row_inner][vc_row_inner css=&#8221;.vc_custom_1644179391242{margin-left: 100px !important;}&#8221;][vc_column_inner width=&#8221;1\/6&#8243; offset=&#8221;vc_col-lg-offset-1&#8243;][stm_stats_counter counter_value=&#8221;4&#8243; duration=&#8221;0.5&#8243; title=&#8221;Cases completed&#8221;][\/vc_column_inner][vc_column_inner width=&#8221;1\/6&#8243;][stm_stats_counter counter_value=&#8221;5&#8243; title=&#8221;Consultants&#8221;][\/vc_column_inner][vc_column_inner width=&#8221;1\/6&#8243;][\/vc_column_inner][vc_column_inner width=&#8221;1\/6&#8243;][stm_stats_counter counter_value=&#8221;100&#8243; counter_value_suf=&#8221;%&#8221; title=&#8221;Satisfied customers&#8221;][\/vc_column_inner][\/vc_row_inner][\/vc_column][\/vc_row][vc_row css=&#8221;.vc_custom_1450960276268{margin-bottom: 73px !important;}&#8221;][vc_column css=&#8221;.vc_custom_1644177462777{padding-right: 120px !important;padding-left: 120px !important;}&#8221;][vc_custom_heading text=&#8221;testimonials&#8221; font_container=&#8221;tag:h2|font_size:45px|text_align:center|line_height:60px&#8221; use_theme_fonts=&#8221;yes&#8221; el_class=&#8221;base_font_color&#8221; css=&#8221;.vc_custom_1453275785238{margin-bottom: 76px !important;}&#8221;][stm_testimonials_carousel count=&#8221;6&#8243; per_row=&#8221;2&#8243; link=&#8221;url:%2Ftestimonials-page%2F||&#8221; css=&#8221;.vc_custom_1644177595266{padding-right: 38px !important;padding-left: 25px !important;}&#8221;][\/vc_column][\/vc_row][vc_row full_width=&#8221;stretch_row&#8221; css=&#8221;.vc_custom_1450961224119{padding-top: 41px !important;padding-bottom: 42px !important;background-color: #f2f2f2 !important;}&#8221;][vc_column css=&#8221;.vc_custom_1644177684452{padding-right: 55px !important;padding-left: 55px !important;}&#8221;][stm_image_carousel h_centered=&#8221;yes&#8221; img_size=&#8221;180&#215;96&#8243; images=&#8221;7485,7472,7481,7470,7503,7504&#8243; el_class=&#8221;no_paddings&#8221; link=&#8221;url:%2Fcompany-overview%2Four-partners%2F||&#8221;][\/vc_column][\/vc_row][vc_row full_width=&#8221;stretch_row&#8221; el_class=&#8221;overlay_2 fixed_bg&#8221; css=&#8221;.vc_custom_1453381142995{margin-bottom: 42px !important;padding-top: 66px !important;padding-bottom: 66px !important;background-image: url(https:\/\/dndconsulting.dz\/wp-content\/uploads\/2016\/06\/placeholder.gif?id=122) !important;background-position: center !important;background-repeat: no-repeat !important;background-size: cover !important;}&#8221;][vc_column][vc_custom_heading text=&#8221;To help entrepreneurs get their act together<br \/>\n<mark>before they talk to investors.<\/mark>&#8221; font_container=&#8221;tag:div|font_size:28px|text_align:center|color:%23ffffff|line_height:34px&#8221; google_fonts=&#8221;font_family:Poppins%3A300%2Cregular%2C500%2C600%2C700|font_style:700%20bold%3A700%3Anormal&#8221;][\/vc_column][\/vc_row][vc_row full_width=&#8221;stretch_row&#8221; css=&#8221;.vc_custom_1451300723020{margin-bottom: 0px !important;padding-top: 96px !important;padding-bottom: 80px !important;background-color: #222222 !important;}&#8221;][vc_column width=&#8221;1\/3&#8243; css=&#8221;.vc_custom_1644177923595{padding-left: 160px !important;}&#8221;][vc_custom_heading text=&#8221;request a call back.&#8221; font_container=&#8221;tag:div|font_size:36px|text_align:left|color:%23ffffff|line_height:38px&#8221; google_fonts=&#8221;font_family:Poppins%3A300%2Cregular%2C500%2C600%2C700|font_style:700%20bold%3A700%3Anormal&#8221; css=&#8221;.vc_custom_1451044003374{margin-bottom: 19px !important;}&#8221;][vc_column_text]<span style=\"color: #ffffff; font-size: 13px; line-height: 22px;\">Would you like to speak to one of our financial advisers over the phone? Just submit your details and we\u2019ll be in touch shortly. You can also email us if you would prefer.<\/span>[\/vc_column_text][\/vc_column][vc_column width=&#8221;2\/3&#8243; css=&#8221;.vc_custom_1644177864156{padding-right: 160px !important;}&#8221;]\n<div class=\"wpcf7 no-js\" id=\"wpcf7-f508-o1\" lang=\"en-US\" dir=\"ltr\" data-wpcf7-id=\"508\">\n<div class=\"screen-reader-response\"><p role=\"status\" aria-live=\"polite\" aria-atomic=\"true\"><\/p> <ul><\/ul><\/div>\n<form action=\"\/index.php?rest_route=%2Fwp%2Fv2%2Fpages%2F1024#wpcf7-f508-o1\" method=\"post\" class=\"wpcf7-form init\" aria-label=\"Contact form\" novalidate=\"novalidate\" data-status=\"init\">\n<fieldset class=\"hidden-fields-container\"><input type=\"hidden\" name=\"_wpcf7\" value=\"508\" \/><input type=\"hidden\" name=\"_wpcf7_version\" value=\"6.1\" \/><input type=\"hidden\" name=\"_wpcf7_locale\" value=\"en_US\" \/><input type=\"hidden\" name=\"_wpcf7_unit_tag\" value=\"wpcf7-f508-o1\" \/><input type=\"hidden\" name=\"_wpcf7_container_post\" value=\"0\" \/><input type=\"hidden\" name=\"_wpcf7_posted_data_hash\" value=\"\" \/>\n<\/fieldset>\n<div class=\"request_callback\">\n\t<div class=\"row\">\n\t\t<div class=\"col-lg-6 col-md-6 col-sm-6 col-xs-12\">\n\t\t\t<div class=\"input-group\">\n\t\t\t\t<p><span class=\"wpcf7-form-control-wrap\" data-name=\"text-name\"><input size=\"40\" maxlength=\"400\" class=\"wpcf7-form-control wpcf7-text wpcf7-validates-as-required\" aria-required=\"true\" aria-invalid=\"false\" placeholder=\"First name *\" value=\"\" type=\"text\" name=\"text-name\" \/><\/span>\n\t\t\t\t<\/p>\n\t\t\t<\/div>\n\t\t\t<div class=\"input-group\">\n\t\t\t\t<p><span class=\"wpcf7-form-control-wrap\" data-name=\"email\"><input size=\"40\" maxlength=\"400\" class=\"wpcf7-form-control wpcf7-email wpcf7-validates-as-required wpcf7-text wpcf7-validates-as-email\" aria-required=\"true\" aria-invalid=\"false\" placeholder=\"E-mail *\" value=\"\" type=\"email\" name=\"email\" \/><\/span>\n\t\t\t\t<\/p>\n\t\t\t<\/div>\n\t\t\t<div class=\"input-group\">\n\t\t\t\t<p><span class=\"wpcf7-form-control-wrap\" data-name=\"phone\"><input size=\"40\" maxlength=\"400\" class=\"wpcf7-form-control wpcf7-tel wpcf7-validates-as-required wpcf7-text wpcf7-validates-as-tel\" aria-required=\"true\" aria-invalid=\"false\" placeholder=\"Phone *\" value=\"\" type=\"tel\" name=\"phone\" \/><\/span>\n\t\t\t\t<\/p>\n\t\t\t<\/div>\n\t\t<\/div>\n\t\t<div class=\"col-lg-6 col-md-6 col-sm-6 col-xs-12\">\n\t\t\t<div class=\"input-group\">\n\t\t\t\t<p><span class=\"wpcf7-form-control-wrap\" data-name=\"message\"><textarea cols=\"40\" rows=\"10\" maxlength=\"2000\" class=\"wpcf7-form-control wpcf7-textarea wpcf7-validates-as-required\" aria-required=\"true\" aria-invalid=\"false\" placeholder=\"Your Message *\" name=\"message\"><\/textarea><\/span>\n\t\t\t\t<\/p>\n\t\t\t<\/div>\n\t\t\t<div class=\"input-group\">\n\t\t\t\t<p><button type=\"submit\" class=\"button size-lg icon_right\">submit <i class=\"fa fa-chevron-right\"><\/i><\/button>\n\t\t\t\t<\/p>\n\t\t\t<\/div>\n\t\t<\/div>\n\t<\/div>\n<\/div><p style=\"display: none !important;\" class=\"akismet-fields-container\" data-prefix=\"_wpcf7_ak_\"><label>&#916;<textarea name=\"_wpcf7_ak_hp_textarea\" cols=\"45\" rows=\"8\" maxlength=\"100\"><\/textarea><\/label><input type=\"hidden\" id=\"ak_js_1\" name=\"_wpcf7_ak_js\" value=\"245\"\/><script>document.getElementById( \"ak_js_1\" ).setAttribute( \"value\", ( new Date() ).getTime() );<\/script><\/p><div class=\"wpcf7-response-output\" aria-hidden=\"true\"><\/div>\n<\/form>\n<\/div>\n[\/vc_column][\/vc_row][vc_row full_width=&#8221;stretch_row_content_no_spaces&#8221; css=&#8221;.vc_custom_1453109987955{margin-bottom: -60px !important;padding-top: 0px !important;padding-bottom: 0px !important;}&#8221;][vc_column][stm_gmap map_height=&#8221;447px&#8221; map_zoom=&#8221;11&#8243; disable_mouse_whell=&#8221;disable&#8221;][stm_gmap_address title=&#8221;Algeria Office&#8221; address=&#8221;Route Slimane Chaachou N\u00b0 21 , Blida &#8211; Algerie&#8221; phone=&#8221;+213 561 613 888&#8243; email=&#8221;contact@dndconsulting.dz&#8221; lat=&#8221;36.533072&#8243; lng=&#8221;2.845724&#8243;][\/stm_gmap][\/vc_column][\/vc_row][vc_row content_placement=&#8221;middle&#8221; el_class=&#8221;center-in-mobile&#8221;][vc_column offset=&#8221;vc_col-lg-5 vc_col-md-5&#8243;][vc_custom_heading stripe_pos=&#8221;hide&#8221; text=&#8221;Innovations in<br \/>\nConsultancy&#8221; use_theme_fonts=&#8221;yes&#8221;][vc_column_text]<\/p>\n<p style=\"font-size: 16px; margin-bottom: 26px;\">Podcasting operational change management inside of workflows to establish a framework key performance.<\/p>\n<p style=\"font-size: 16px;\">Ennui vice lyft adaptogen bespoke art party fashion axe. Vice taiyaki glossier, adaptogen celiac small batch mustache whatever migas stumptown. Craft beer raw denim poke drinking vinegar banh mi selvage farm-to-table lomo taiyaki paleo.<\/p>\n<p>[\/vc_column_text][stm_spacing lg_spacing=&#8221;0&#8243; md_spacing=&#8221;0&#8243; sm_spacing=&#8221;30&#8243; xs_spacing=&#8221;30&#8243;][\/vc_column][vc_column width=&#8221;1\/12&#8243; offset=&#8221;vc_hidden-sm vc_hidden-xs&#8221;][\/vc_column][vc_column offset=&#8221;vc_col-lg-6 vc_col-md-6&#8243;][stm_services posts_per_page=&#8221;12&#8243; style=&#8221;style_7&#8243;][\/vc_column][vc_column][stm_spacing lg_spacing=&#8221;150&#8243; md_spacing=&#8221;150&#8243; sm_spacing=&#8221;90&#8243; xs_spacing=&#8221;90&#8243;][\/vc_column][\/vc_row]<\/p>\n","protected":false},"excerpt":{"rendered":"<p>[vc_row css=&#8221;.vc_custom_1450677977665{margin-bottom: 0px !important;}&#8221;][vc_column offset=&#8221;vc_hidden-xs&#8221;][rev_slider_vc alias=&#8221;fullscreen-main-slider&#8221;][\/vc_column][\/vc_row][vc_row full_width=&#8221;stretch_row&#8221; el_class=&#8221;third_bg_color&#8221; css=&#8221;.vc_custom_1694192614665{margin-top: 0px !important;margin-bottom: 40px !important;}&#8221;][vc_column css=&#8221;.vc_custom_1644177205646{padding-right: px !important;padding-left: 68px !important;}&#8221;][vc_cta h2=&#8221;Notre D\u00e9veloppement de Logiciels Services&#8221; h2_font_container=&#8221;tag:h2|font_size:20px|text_align:left|color:%23000000|line_height:24px&#8221; h2_use_theme_fonts=&#8221;yes&#8221; shape=&#8221;square&#8221; style=&#8221;flat&#8221; add_button=&#8221;right&#8221; btn_title=&#8221;Demander Devis&#8221; btn_style=&#8221;flat&#8221; btn_color=&#8221;theme_style_2&#8243; btn_align=&#8221;right&#8221; btn_i_align=&#8221;right&#8221; btn_i_icon_fontawesome=&#8221;stm-location&#8221; use_custom_fonts_h2=&#8221;true&#8221; btn_button_block=&#8221;true&#8221; btn_add_icon=&#8221;true&#8221; el_class=&#8221;third_bg_color&#8221; css=&#8221;.vc_custom_1694294378028{margin-bottom: 0px !important;}&#8221; btn_link=&#8221;url:https%3A%2F%2Fdndconsulting.dz%2F%3Fpage_id%3D6933|title:Contact%20us|target:_blank&#8221;][\/vc_cta][\/vc_column][\/vc_row][vc_row equal_height=&#8221;yes&#8221; content_placement=&#8221;middle&#8221; css=&#8221;.vc_custom_1694192585659{margin-top: 30px !important;margin-right: 385px !important;margin-bottom: 40px !important;margin-left: 385px !important;}&#8221;][vc_column parallax=&#8221;content-moving&#8221;<\/p>\n","protected":false},"author":1,"featured_media":0,"parent":0,"menu_order":0,"comment_status":"closed","ping_status":"open","template":"","meta":{"footnotes":""},"class_list":["post-1024","page","type-page","status-publish","hentry"],"_links":{"self":[{"href":"https:\/\/dndconsulting.dz\/index.php?rest_route=\/wp\/v2\/pages\/1024","targetHints":{"allow":["GET"]}}],"collection":[{"href":"https:\/\/dndconsulting.dz\/index.php?rest_route=\/wp\/v2\/pages"}],"about":[{"href":"https:\/\/dndconsulting.dz\/index.php?rest_route=\/wp\/v2\/types\/page"}],"author":[{"embeddable":true,"href":"https:\/\/dndconsulting.dz\/index.php?rest_route=\/wp\/v2\/users\/1"}],"replies":[{"embeddable":true,"href":"https:\/\/dndconsulting.dz\/index.php?rest_route=%2Fwp%2Fv2%2Fcomments&post=1024"}],"version-history":[{"count":37,"href":"https:\/\/dndconsulting.dz\/index.php?rest_route=\/wp\/v2\/pages\/1024\/revisions"}],"predecessor-version":[{"id":7479,"href":"https:\/\/dndconsulting.dz\/index.php?rest_route=\/wp\/v2\/pages\/1024\/revisions\/7479"}],"wp:attachment":[{"href":"https:\/\/dndconsulting.dz\/index.php?rest_route=%2Fwp%2Fv2%2Fmedia&parent=1024"}],"curies":[{"name":"wp","href":"https:\/\/api.w.org\/{rel}","templated":true}]}}