{"id":6932,"date":"2015-12-15T07:37:33","date_gmt":"2015-12-15T07:37:33","guid":{"rendered":"http:\/\/consulting.stylemixthemes.com\/demo\/?page_id=9"},"modified":"2023-09-09T16:28:48","modified_gmt":"2023-09-09T14:28:48","slug":"company-overview","status":"publish","type":"page","link":"https:\/\/dndconsulting.dz\/?page_id=6932","title":{"rendered":"Company overview"},"content":{"rendered":"<p>[vc_row][vc_column width=&#8221;2\/3&#8243;][vc_column_text]<\/p>\n<h4 class=\"x-el x-el-h4 c1-1 c1-2 c1-1f c1-1g c1-90 c1-3s c1-3t c1-1i c1-1j c1-b c1-2s c1-6a c1-1m c1-6d c1-6f c1-6g c1-6h\" role=\"heading\" aria-level=\"4\" data-ux=\"ContentHeading\" data-aid=\"ABOUT_HEADLINE_RENDERED0\" data-typography=\"HeadingDelta\">Our Experience<\/h4>\n<div class=\"x-el c1-1 c1-2 c1-1f c1-1g c1-1h c1-1i c1-1j c1-ah c1-ai c1-aj c1-ak c1-al c1-am c1-an c1-ao c1-ap c1-aq c1-ar c1-as c1-at c1-au c1-av c1-aw c1-ax c1-ay c1-az c1-b0 c1-b1 c1-b2 c1-b3 c1-b4 c1-b5 c1-b6 c1-b7 c1-b8 c1-3p c1-b c1-3z c1-c c1-1m c1-d c1-e c1-f c1-g x-rt\" data-ux=\"ContentText\" data-aid=\"ABOUT_DESCRIPTION_RENDERED0\" data-typography=\"BodyAlpha\">\n<p><span class=\"x-el x-el-span c1-9w c1-9x c1-b c1-c c1-d c1-e c1-f c1-g\">Our <strong>D&amp;D Consulting<\/strong> is based on 2+ years of experience. We\u2019ll define your BI strategy, architect and implement all the needed infrastructure, and turn your data into comprehensive and flexible Power BI dashboards to empower decision making.\u00a0<\/span><\/p>\n<p><span class=\"x-el x-el-span c1-9w c1-9x c1-b c1-c c1-d c1-e c1-f c1-g\">Ask our Power BI Consultants about:<\/span><\/p>\n<ul>\n<li class=\"x-el x-el-span c1-9w c1-9x c1-b c1-c c1-d c1-e c1-f c1-g\">Planning and Designing a Dashboard<\/li>\n<li class=\"x-el x-el-span c1-9w c1-9x c1-b c1-c c1-d c1-e c1-f c1-g\">Creation and Deployment<\/li>\n<li class=\"x-el x-el-span c1-9w c1-9x c1-b c1-c c1-d c1-e c1-f c1-g\">Support and Maintenance<\/li>\n<li class=\"x-el x-el-span c1-9w c1-9x c1-b c1-c c1-d c1-e c1-f c1-g\">Training<\/li>\n<\/ul>\n<p><span class=\"x-el x-el-span c1-9w c1-9x c1-b c1-c c1-d c1-e c1-f c1-g\">Our <strong class=\"x-el x-el-span c1-2l c1-2m c1-b c1-7z c1-2w c1-4c c1-b9\">Power BI consulting team<\/strong> stands for high quality and results that drive innovation and empower decision makers with business-critical insights. Our Power BI consulting services to help your\u00a0organization to:<\/span><\/p>\n<ul>\n<li class=\"x-el x-el-span c1-9w c1-9x c1-b c1-c c1-d c1-e c1-f c1-g\">Adopt and implement Microsoft BI technologies<\/li>\n<li class=\"x-el x-el-span c1-9w c1-9x c1-b c1-c c1-d c1-e c1-f c1-g\">Customize Power BI platform to your maximum benefit<\/li>\n<li class=\"x-el x-el-span c1-9w c1-9x c1-b c1-c c1-d c1-e c1-f c1-g\">Integrate any data sources and maintain data infrastructure<\/li>\n<li class=\"x-el x-el-span c1-9w c1-9x c1-b c1-c c1-d c1-e c1-f c1-g\">Generate business value through data analytics and visualization<\/li>\n<\/ul>\n<\/div>\n<p>[\/vc_column_text][vc_column_text]<\/p>\n<blockquote><p>We see ourselves as a forward looking group of passionate property professionals with the relevant experience to match.<\/p><\/blockquote>\n<p>[\/vc_column_text][\/vc_column][\/vc_row][vc_row][vc_column][stm_spacing lg_spacing=&#8221;65&#8243; md_spacing=&#8221;60&#8243; sm_spacing=&#8221;50&#8243; xs_spacing=&#8221;30&#8243;][vc_custom_heading text=&#8221;Why choose us&#8221; font_container=&#8221;tag:h2|text_align:center&#8221; use_theme_fonts=&#8221;yes&#8221;][stm_spacing lg_spacing=&#8221;17&#8243; md_spacing=&#8221;17&#8243; sm_spacing=&#8221;17&#8243; xs_spacing=&#8221;17&#8243;][vc_row_inner][vc_column_inner width=&#8221;1\/2&#8243; offset=&#8221;vc_col-lg-3 vc_col-md-3&#8243;][stm_icon_box icon_size=&#8221;26&#8243; icon_color=&#8221;base&#8221; icon_bg_color=&#8221;third_bg&#8221; icon_height=&#8221;60&#8243; title=&#8221;Satisfaction Client&#8221; title_font_size=&#8221;16&#8243; title_line_height=&#8221;22&#8243;]Nous apportons une approche singuli\u00e8re au d\u00e9ploiement logiciel pour soutenir la r\u00e9ussite des organisations dans un monde en constante \u00e9volution.[\/stm_icon_box][stm_spacing lg_spacing=&#8221;0&#8243; md_spacing=&#8221;0&#8243; sm_spacing=&#8221;30&#8243; xs_spacing=&#8221;30&#8243;][\/vc_column_inner][vc_column_inner width=&#8221;1\/2&#8243; offset=&#8221;vc_col-lg-3 vc_col-md-3&#8243;][stm_icon_box icon=&#8221;stm-suitcase-2&#8243; icon_size=&#8221;26&#8243; icon_color=&#8221;base&#8221; icon_bg_color=&#8221;third_bg&#8221; icon_height=&#8221;60&#8243; title=&#8221;Odoo Consulting&#8221; title_font_size=&#8221;16&#8243; title_line_height=&#8221;22&#8243;]Afin de garantir le succ\u00e8s de la mise en \u0153uvre du projet Odoo et d&#8217;exploiter pleinement les fonctionnalit\u00e9s d&#8217;Odoo, nous conseillons vivement \u00e0 nos clients de faire appel \u00e0 notre expertise m\u00e9tier et \u00e0 nos services de soutien.[\/stm_icon_box][stm_spacing lg_spacing=&#8221;0&#8243; md_spacing=&#8221;0&#8243; sm_spacing=&#8221;30&#8243; xs_spacing=&#8221;30&#8243;][\/vc_column_inner][vc_column_inner width=&#8221;1\/2&#8243; offset=&#8221;vc_col-lg-3 vc_col-md-3&#8243;][stm_icon_box icon=&#8221;stm-davos_cart&#8221; icon_size=&#8221;26&#8243; icon_color=&#8221;base&#8221; icon_bg_color=&#8221;third_bg&#8221; icon_height=&#8221;60&#8243; title=&#8221;Consumer Products<br \/>\nConsulting&#8221; title_font_size=&#8221;16&#8243; title_line_height=&#8221;22&#8243;]We are a company that offers design and build services for you from initial sketches to the final construction.[\/stm_icon_box][stm_spacing lg_spacing=&#8221;0&#8243; md_spacing=&#8221;0&#8243; sm_spacing=&#8221;30&#8243; xs_spacing=&#8221;30&#8243;][\/vc_column_inner][vc_column_inner width=&#8221;1\/2&#8243; offset=&#8221;vc_col-lg-3 vc_col-md-3&#8243;][stm_icon_box icon=&#8221;stm-glob-building&#8221; icon_size=&#8221;26&#8243; icon_color=&#8221;base&#8221; icon_bg_color=&#8221;third_bg&#8221; icon_height=&#8221;60&#8243; title=&#8221;Financial Services<br \/>\nConsulting&#8221; title_font_size=&#8221;16&#8243; title_line_height=&#8221;22&#8243;]We are a dynamic niche consulting firm that has been helping visionary financial services brands convey their true essence.[\/stm_icon_box][\/vc_column_inner][\/vc_row_inner][stm_spacing lg_spacing=&#8221;100&#8243; md_spacing=&#8221;80&#8243; sm_spacing=&#8221;70&#8243; xs_spacing=&#8221;60&#8243;][\/vc_column][\/vc_row][vc_row full_width=&#8221;stretch_row&#8221; el_class=&#8221;third_bg_color&#8221;][vc_column][stm_spacing lg_spacing=&#8221;75&#8243; md_spacing=&#8221;65&#8243; sm_spacing=&#8221;55&#8243; xs_spacing=&#8221;50&#8243;][vc_row_inner][vc_column_inner width=&#8221;5\/12&#8243;][vc_custom_heading text=&#8221;More than 10 Years<br \/>\nof Experience&#8221; use_theme_fonts=&#8221;yes&#8221;][vc_column_text]We work with ambitious leaders who want their future to be successful and help them achieve extraordinary outcomes.[\/vc_column_text][stm_spacing lg_spacing=&#8221;0&#8243; md_spacing=&#8221;0&#8243; sm_spacing=&#8221;0&#8243; xs_spacing=&#8221;1&#8243;][\/vc_column_inner][vc_column_inner width=&#8221;1\/12&#8243;][\/vc_column_inner][vc_column_inner width=&#8221;1\/4&#8243;][stm_spacing lg_spacing=&#8221;20&#8243; md_spacing=&#8221;20&#8243; sm_spacing=&#8221;0&#8243; xs_spacing=&#8221;0&#8243;][stm_stats_counter stat_counter_style=&#8221;style_5&#8243; icon=&#8221;stm-ankara-case&#8221; counter_value=&#8221;12&#8243; title_color=&#8221;&#8221; icon_color=&#8221;&#8221; title=&#8221;projects complited&#8221;][stm_spacing lg_spacing=&#8221;30&#8243; md_spacing=&#8221;30&#8243; sm_spacing=&#8221;30&#8243; xs_spacing=&#8221;30&#8243;][stm_stats_counter stat_counter_style=&#8221;style_5&#8243; icon=&#8221;stm-ankara-trophy&#8221; counter_value=&#8221;19&#8243; title=&#8221;awards wining&#8221;][stm_spacing lg_spacing=&#8221;0&#8243; md_spacing=&#8221;0&#8243; sm_spacing=&#8221;0&#8243; xs_spacing=&#8221;30&#8243;][\/vc_column_inner][vc_column_inner width=&#8221;1\/4&#8243;][stm_spacing lg_spacing=&#8221;20&#8243; md_spacing=&#8221;20&#8243; sm_spacing=&#8221;0&#8243; xs_spacing=&#8221;0&#8243;][stm_stats_counter stat_counter_style=&#8221;style_5&#8243; icon=&#8221;stm-ankara-user&#8221; counter_value=&#8221;5&#8243; title_color=&#8221;&#8221; icon_color=&#8221;&#8221; title=&#8221;workers employed&#8221;][stm_spacing lg_spacing=&#8221;30&#8243; md_spacing=&#8221;30&#8243; sm_spacing=&#8221;30&#8243; xs_spacing=&#8221;30&#8243;][stm_stats_counter stat_counter_style=&#8221;style_5&#8243; icon=&#8221;stm-ankara-like&#8221; counter_value=&#8221;280&#8243; title=&#8221;satisfied customers&#8221;][\/vc_column_inner][\/vc_row_inner][stm_spacing lg_spacing=&#8221;50&#8243; md_spacing=&#8221;70&#8243; sm_spacing=&#8221;60&#8243; xs_spacing=&#8221;65&#8243;][\/vc_column][\/vc_row][vc_row][vc_column][stm_spacing lg_spacing=&#8221;100&#8243; md_spacing=&#8221;80&#8243; sm_spacing=&#8221;70&#8243; xs_spacing=&#8221;60&#8243;][vc_row_inner][vc_column_inner width=&#8221;1\/2&#8243;][vc_custom_heading text=&#8221;Our mission&#8221; use_theme_fonts=&#8221;yes&#8221;][vc_column_text]Our renowned coaching programs will allow you to:<\/p>\n<ul>\n<li>Work fewer hours \u2014 and make more money<\/li>\n<li>Attract and retain quality, high-paying customers<\/li>\n<li>Manage your time so you\u2019ll get more done in less time<\/li>\n<li>Hone sharp leadership skills to manage your team<\/li>\n<li>Cut expenses without sacrificing quality<\/li>\n<li>Automate your business, so you can leave for days,<br \/>\nweeks, or even months at a time<\/li>\n<\/ul>\n<p>[\/vc_column_text][stm_spacing lg_spacing=&#8221;0&#8243; md_spacing=&#8221;0&#8243; sm_spacing=&#8221;0&#8243; xs_spacing=&#8221;30&#8243;][\/vc_column_inner][vc_column_inner width=&#8221;1\/2&#8243;][stm_spacing lg_spacing=&#8221;90&#8243; md_spacing=&#8221;90&#8243; sm_spacing=&#8221;90&#8243; xs_spacing=&#8221;0&#8243;][vc_video link=&#8221;https:\/www.youtube.com\/embed\/04DRXybgLvA&#8221; image=&#8221;6351&#8243; img_size=&#8221;552&#215;320&#8243;][\/vc_column_inner][\/vc_row_inner][stm_spacing lg_spacing=&#8221;80&#8243; md_spacing=&#8221;70&#8243; sm_spacing=&#8221;60&#8243; xs_spacing=&#8221;60&#8243;][\/vc_column][\/vc_row][vc_row full_width=&#8221;stretch_row&#8221; css=&#8221;.vc_custom_1574751973770{background-color: #f2f4fa !important;}&#8221;][vc_column][stm_spacing lg_spacing=&#8221;80&#8243; md_spacing=&#8221;70&#8243; sm_spacing=&#8221;60&#8243; xs_spacing=&#8221;50&#8243;][vc_custom_heading text=&#8221;Our team&#8221; font_container=&#8221;tag:h2|text_align:center&#8221; use_theme_fonts=&#8221;yes&#8221;][vc_row_inner][vc_column_inner width=&#8221;1\/6&#8243;][\/vc_column_inner][vc_column_inner width=&#8221;2\/3&#8243;][vc_column_text]<\/p>\n<p style=\"text-align: center;\">Our team of professionals includes HR consultants, executive coaches, business professionals, and more.<\/p>\n<p>[\/vc_column_text][stm_spacing lg_spacing=&#8221;60&#8243; md_spacing=&#8221;50&#8243; sm_spacing=&#8221;40&#8243; xs_spacing=&#8221;30&#8243;][\/vc_column_inner][vc_column_inner width=&#8221;1\/6&#8243;][\/vc_column_inner][\/vc_row_inner][stm_staff_list style=&#8221;grid&#8221; grid_view=&#8221;minimal&#8221; image_style=&#8221;img_rounded&#8221; per_row=&#8221;3&#8243; count=&#8221;6&#8243;][stm_spacing lg_spacing=&#8221;30&#8243; md_spacing=&#8221;20&#8243; sm_spacing=&#8221;20&#8243; xs_spacing=&#8221;20&#8243;][\/vc_column][\/vc_row][vc_row][vc_column][stm_spacing lg_spacing=&#8221;100&#8243; md_spacing=&#8221;80&#8243; sm_spacing=&#8221;70&#8243; xs_spacing=&#8221;60&#8243;][stm_image_carousel grayscale=&#8221;yes&#8221; images=&#8221;6402,6403,6404,6405,6406,6407&#8243;][stm_spacing lg_spacing=&#8221;50&#8243; md_spacing=&#8221;30&#8243; sm_spacing=&#8221;20&#8243; xs_spacing=&#8221;10&#8243;][\/vc_column][\/vc_row]<\/p>\n","protected":false},"excerpt":{"rendered":"<p>[vc_row][vc_column width=&#8221;2\/3&#8243;][vc_column_text] Our Experience Our D&amp;D Consulting is based on 2+ years of experience. We\u2019ll define your BI strategy, architect and implement all the needed infrastructure, and turn your data into comprehensive and flexible Power BI dashboards to empower decision making.\u00a0 Ask our Power BI Consultants about: Planning and Designing a Dashboard Creation and Deployment<\/p>\n","protected":false},"author":1,"featured_media":0,"parent":0,"menu_order":0,"comment_status":"closed","ping_status":"open","template":"","meta":{"footnotes":""},"class_list":["post-6932","page","type-page","status-publish","hentry"],"_links":{"self":[{"href":"https:\/\/dndconsulting.dz\/index.php?rest_route=\/wp\/v2\/pages\/6932","targetHints":{"allow":["GET"]}}],"collection":[{"href":"https:\/\/dndconsulting.dz\/index.php?rest_route=\/wp\/v2\/pages"}],"about":[{"href":"https:\/\/dndconsulting.dz\/index.php?rest_route=\/wp\/v2\/types\/page"}],"author":[{"embeddable":true,"href":"https:\/\/dndconsulting.dz\/index.php?rest_route=\/wp\/v2\/users\/1"}],"replies":[{"embeddable":true,"href":"https:\/\/dndconsulting.dz\/index.php?rest_route=%2Fwp%2Fv2%2Fcomments&post=6932"}],"version-history":[{"count":8,"href":"https:\/\/dndconsulting.dz\/index.php?rest_route=\/wp\/v2\/pages\/6932\/revisions"}],"predecessor-version":[{"id":7467,"href":"https:\/\/dndconsulting.dz\/index.php?rest_route=\/wp\/v2\/pages\/6932\/revisions\/7467"}],"wp:attachment":[{"href":"https:\/\/dndconsulting.dz\/index.php?rest_route=%2Fwp%2Fv2%2Fmedia&parent=6932"}],"curies":[{"name":"wp","href":"https:\/\/api.w.org\/{rel}","templated":true}]}}